{"id":264,"date":"2025-11-09T07:03:31","date_gmt":"2025-11-09T07:03:31","guid":{"rendered":"https:\/\/mtautomatic.hr\/?page_id=264"},"modified":"2026-02-28T12:49:52","modified_gmt":"2026-02-28T12:49:52","slug":"projekti","status":"publish","type":"page","link":"https:\/\/mtautomatic.hr\/index.php\/projekti\/","title":{"rendered":"Projekti"},"content":{"rendered":"\r\n<p>Rekonstrukcija strojarnice Gradsko kazali\u0161te lutaka Rijeka<\/p>\r\n\r\n\r\n\r\n<p>Rekonstrukcija toplinsko rashladne stanice Dom za starije i nemo\u0107ne Salvia Crikvenica<\/p>\r\n\r\n\r\n\r\n<p>Strojarnica Dje\u010dji vrti\u0107 Lu\u0161\u0107i\u0107 Karlovac<\/p>\r\n<p>Automatska regulacija grijanja i hla\u0111enja Dje\u010dji vrti\u0107 Donja Zelina<\/p>\r\n\r\n\r\n\r\n<p>&nbsp;<\/p>\r\n","protected":false},"excerpt":{"rendered":"<p>Rekonstrukcija strojarnice Gradsko kazali\u0161te lutaka Rijeka Rekonstrukcija toplinsko rashladne stanice Dom za starije i nemo\u0107ne Salvia Crikvenica Strojarnica Dje\u010dji vrti\u0107 Lu\u0161\u0107i\u0107 Karlovac Automatska regulacija grijanja i hla\u0111enja Dje\u010dji vrti\u0107 Donja Zelina &nbsp;<\/p>\n","protected":false},"author":1,"featured_media":0,"parent":0,"menu_order":0,"comment_status":"closed","ping_status":"closed","template":"","meta":{"footnotes":""},"class_list":["post-264","page","type-page","status-publish","hentry"],"yoast_head":"<!-- This site is optimized with the Yoast SEO plugin v26.9 - https:\/\/yoast.com\/product\/yoast-seo-wordpress\/ -->\n<title>Projekti - MT AUTOMATIC j.d.o.o.<\/title>\n<meta name=\"robots\" content=\"index, follow, max-snippet:-1, max-image-preview:large, max-video-preview:-1\" \/>\n<link rel=\"canonical\" href=\"https:\/\/mtautomatic.hr\/index.php\/projekti\/\" \/>\n<meta property=\"og:locale\" content=\"hr_HR\" \/>\n<meta property=\"og:type\" content=\"article\" \/>\n<meta property=\"og:title\" content=\"Projekti - MT AUTOMATIC j.d.o.o.\" \/>\n<meta property=\"og:description\" content=\"Rekonstrukcija strojarnice Gradsko kazali\u0161te lutaka Rijeka Rekonstrukcija toplinsko rashladne stanice Dom za starije i nemo\u0107ne Salvia Crikvenica Strojarnica Dje\u010dji vrti\u0107 Lu\u0161\u0107i\u0107 Karlovac Automatska regulacija grijanja i hla\u0111enja Dje\u010dji vrti\u0107 Donja Zelina &nbsp;\" \/>\n<meta property=\"og:url\" content=\"https:\/\/mtautomatic.hr\/index.php\/projekti\/\" \/>\n<meta property=\"og:site_name\" content=\"MT AUTOMATIC j.d.o.o.\" \/>\n<meta property=\"article:modified_time\" content=\"2026-02-28T12:49:52+00:00\" \/>\n<meta name=\"twitter:card\" content=\"summary_large_image\" \/>\n<meta name=\"twitter:label1\" content=\"Procijenjeno vrijeme \u010ditanja\" \/>\n\t<meta name=\"twitter:data1\" content=\"1 minuta\" \/>\n<script type=\"application\/ld+json\" class=\"yoast-schema-graph\">{\"@context\":\"https:\/\/schema.org\",\"@graph\":[{\"@type\":\"WebPage\",\"@id\":\"https:\/\/mtautomatic.hr\/index.php\/projekti\/\",\"url\":\"https:\/\/mtautomatic.hr\/index.php\/projekti\/\",\"name\":\"Projekti - MT AUTOMATIC j.d.o.o.\",\"isPartOf\":{\"@id\":\"https:\/\/mtautomatic.hr\/#website\"},\"datePublished\":\"2025-11-09T07:03:31+00:00\",\"dateModified\":\"2026-02-28T12:49:52+00:00\",\"breadcrumb\":{\"@id\":\"https:\/\/mtautomatic.hr\/index.php\/projekti\/#breadcrumb\"},\"inLanguage\":\"hr\",\"potentialAction\":[{\"@type\":\"ReadAction\",\"target\":[\"https:\/\/mtautomatic.hr\/index.php\/projekti\/\"]}]},{\"@type\":\"BreadcrumbList\",\"@id\":\"https:\/\/mtautomatic.hr\/index.php\/projekti\/#breadcrumb\",\"itemListElement\":[{\"@type\":\"ListItem\",\"position\":1,\"name\":\"Po\u010detna stranica\",\"item\":\"https:\/\/mtautomatic.hr\/\"},{\"@type\":\"ListItem\",\"position\":2,\"name\":\"Projekti\"}]},{\"@type\":\"WebSite\",\"@id\":\"https:\/\/mtautomatic.hr\/#website\",\"url\":\"https:\/\/mtautomatic.hr\/\",\"name\":\"MT AUTOMATIC j.d.o.o.\",\"description\":\"Elektroinstalacije i automatska regulacija\",\"publisher\":{\"@id\":\"https:\/\/mtautomatic.hr\/#organization\"},\"potentialAction\":[{\"@type\":\"SearchAction\",\"target\":{\"@type\":\"EntryPoint\",\"urlTemplate\":\"https:\/\/mtautomatic.hr\/?s={search_term_string}\"},\"query-input\":{\"@type\":\"PropertyValueSpecification\",\"valueRequired\":true,\"valueName\":\"search_term_string\"}}],\"inLanguage\":\"hr\"},{\"@type\":\"Organization\",\"@id\":\"https:\/\/mtautomatic.hr\/#organization\",\"name\":\"MT AUTOMATIC j.d.o.o.\",\"url\":\"https:\/\/mtautomatic.hr\/\",\"logo\":{\"@type\":\"ImageObject\",\"inLanguage\":\"hr\",\"@id\":\"https:\/\/mtautomatic.hr\/#\/schema\/logo\/image\/\",\"url\":\"https:\/\/mtautomatic.hr\/wp-content\/uploads\/2025\/08\/large-12-1-1.png\",\"contentUrl\":\"https:\/\/mtautomatic.hr\/wp-content\/uploads\/2025\/08\/large-12-1-1.png\",\"width\":600,\"height\":131,\"caption\":\"MT AUTOMATIC j.d.o.o.\"},\"image\":{\"@id\":\"https:\/\/mtautomatic.hr\/#\/schema\/logo\/image\/\"}}]}<\/script>\n<!-- \/ Yoast SEO plugin. -->","yoast_head_json":{"title":"Projekti - MT AUTOMATIC j.d.o.o.","robots":{"index":"index","follow":"follow","max-snippet":"max-snippet:-1","max-image-preview":"max-image-preview:large","max-video-preview":"max-video-preview:-1"},"canonical":"https:\/\/mtautomatic.hr\/index.php\/projekti\/","og_locale":"hr_HR","og_type":"article","og_title":"Projekti - MT AUTOMATIC j.d.o.o.","og_description":"Rekonstrukcija strojarnice Gradsko kazali\u0161te lutaka Rijeka Rekonstrukcija toplinsko rashladne stanice Dom za starije i nemo\u0107ne Salvia Crikvenica Strojarnica Dje\u010dji vrti\u0107 Lu\u0161\u0107i\u0107 Karlovac Automatska regulacija grijanja i hla\u0111enja Dje\u010dji vrti\u0107 Donja Zelina &nbsp;","og_url":"https:\/\/mtautomatic.hr\/index.php\/projekti\/","og_site_name":"MT AUTOMATIC j.d.o.o.","article_modified_time":"2026-02-28T12:49:52+00:00","twitter_card":"summary_large_image","twitter_misc":{"Procijenjeno vrijeme \u010ditanja":"1 minuta"},"schema":{"@context":"https:\/\/schema.org","@graph":[{"@type":"WebPage","@id":"https:\/\/mtautomatic.hr\/index.php\/projekti\/","url":"https:\/\/mtautomatic.hr\/index.php\/projekti\/","name":"Projekti - MT AUTOMATIC j.d.o.o.","isPartOf":{"@id":"https:\/\/mtautomatic.hr\/#website"},"datePublished":"2025-11-09T07:03:31+00:00","dateModified":"2026-02-28T12:49:52+00:00","breadcrumb":{"@id":"https:\/\/mtautomatic.hr\/index.php\/projekti\/#breadcrumb"},"inLanguage":"hr","potentialAction":[{"@type":"ReadAction","target":["https:\/\/mtautomatic.hr\/index.php\/projekti\/"]}]},{"@type":"BreadcrumbList","@id":"https:\/\/mtautomatic.hr\/index.php\/projekti\/#breadcrumb","itemListElement":[{"@type":"ListItem","position":1,"name":"Po\u010detna stranica","item":"https:\/\/mtautomatic.hr\/"},{"@type":"ListItem","position":2,"name":"Projekti"}]},{"@type":"WebSite","@id":"https:\/\/mtautomatic.hr\/#website","url":"https:\/\/mtautomatic.hr\/","name":"MT AUTOMATIC j.d.o.o.","description":"Elektroinstalacije i automatska regulacija","publisher":{"@id":"https:\/\/mtautomatic.hr\/#organization"},"potentialAction":[{"@type":"SearchAction","target":{"@type":"EntryPoint","urlTemplate":"https:\/\/mtautomatic.hr\/?s={search_term_string}"},"query-input":{"@type":"PropertyValueSpecification","valueRequired":true,"valueName":"search_term_string"}}],"inLanguage":"hr"},{"@type":"Organization","@id":"https:\/\/mtautomatic.hr\/#organization","name":"MT AUTOMATIC j.d.o.o.","url":"https:\/\/mtautomatic.hr\/","logo":{"@type":"ImageObject","inLanguage":"hr","@id":"https:\/\/mtautomatic.hr\/#\/schema\/logo\/image\/","url":"https:\/\/mtautomatic.hr\/wp-content\/uploads\/2025\/08\/large-12-1-1.png","contentUrl":"https:\/\/mtautomatic.hr\/wp-content\/uploads\/2025\/08\/large-12-1-1.png","width":600,"height":131,"caption":"MT AUTOMATIC j.d.o.o."},"image":{"@id":"https:\/\/mtautomatic.hr\/#\/schema\/logo\/image\/"}}]}},"_links":{"self":[{"href":"https:\/\/mtautomatic.hr\/index.php\/wp-json\/wp\/v2\/pages\/264","targetHints":{"allow":["GET"]}}],"collection":[{"href":"https:\/\/mtautomatic.hr\/index.php\/wp-json\/wp\/v2\/pages"}],"about":[{"href":"https:\/\/mtautomatic.hr\/index.php\/wp-json\/wp\/v2\/types\/page"}],"author":[{"embeddable":true,"href":"https:\/\/mtautomatic.hr\/index.php\/wp-json\/wp\/v2\/users\/1"}],"replies":[{"embeddable":true,"href":"https:\/\/mtautomatic.hr\/index.php\/wp-json\/wp\/v2\/comments?post=264"}],"version-history":[{"count":4,"href":"https:\/\/mtautomatic.hr\/index.php\/wp-json\/wp\/v2\/pages\/264\/revisions"}],"predecessor-version":[{"id":370,"href":"https:\/\/mtautomatic.hr\/index.php\/wp-json\/wp\/v2\/pages\/264\/revisions\/370"}],"wp:attachment":[{"href":"https:\/\/mtautomatic.hr\/index.php\/wp-json\/wp\/v2\/media?parent=264"}],"curies":[{"name":"wp","href":"https:\/\/api.w.org\/{rel}","templated":true}]}}